{"id":409,"date":"2013-09-25T18:26:52","date_gmt":"2013-09-25T18:26:52","guid":{"rendered":"http:\/\/www.jmviajes.com.py\/?page_id=409"},"modified":"2013-09-25T18:26:52","modified_gmt":"2013-09-25T18:26:52","slug":"servicios-corporativos-turisticos","status":"publish","type":"page","link":"https:\/\/www.jmviajes.com.py\/?page_id=409","title":{"rendered":"SERVICIOS CORPORATIVOS \/ TURISTICOS"},"content":{"rendered":"<p>Dirigido a toda la cadena de turismo; Tour Operadores, Agencias de Viaje, Promotoras de Turismo, Hoteles, etc., adem\u00e1s de Empresas; Cooperativas; Entidades Educativas; y en general a Grupos de Viajeros (familias, amigos, etc.), que deseen realizar recorridos tur\u00edsticos a lo largo y ancho del pa\u00eds y tambi\u00e9n fuera del pa\u00eds. Para ello, JM VIAJES cuenta con la m\u00e1s moderna flota de veh\u00edculos equipados con aire acondicionado, Tv, DVD, sanitario y otras comodidades; con el fin de brindar la mejor atenci\u00f3n y confort a los pasajeros.<\/p>\n<p><img loading=\"lazy\" decoding=\"async\" class=\"aligncenter size-full wp-image-377\" alt=\"crop\" src=\"http:\/\/www.jmviajes.com.py\/wp-content\/uploads\/2012\/04\/crop.png\" width=\"940\" height=\"50\" srcset=\"https:\/\/www.jmviajes.com.py\/wp-content\/uploads\/2012\/04\/crop.png 940w, https:\/\/www.jmviajes.com.py\/wp-content\/uploads\/2012\/04\/crop-300x15.png 300w, https:\/\/www.jmviajes.com.py\/wp-content\/uploads\/2012\/04\/crop-680x36.png 680w\" sizes=\"(max-width: 940px) 100vw, 940px\" \/><\/p>\n","protected":false},"excerpt":{"rendered":"<p>Dirigido a toda la cadena de turismo; Tour Operadores, Agencias de Viaje, Promotoras de Turismo, Hoteles, etc., adem\u00e1s de Empresas; Cooperativas; Entidades Educativas; y en general a Grupos de Viajeros (familias, amigos, etc.), que deseen realizar recorridos tur\u00edsticos a lo&hellip;<\/p>\n","protected":false},"author":1,"featured_media":0,"parent":0,"menu_order":0,"comment_status":"open","ping_status":"open","template":"","meta":{"footnotes":""},"class_list":["post-409","page","type-page","status-publish","hentry"],"_links":{"self":[{"href":"https:\/\/www.jmviajes.com.py\/index.php?rest_route=\/wp\/v2\/pages\/409"}],"collection":[{"href":"https:\/\/www.jmviajes.com.py\/index.php?rest_route=\/wp\/v2\/pages"}],"about":[{"href":"https:\/\/www.jmviajes.com.py\/index.php?rest_route=\/wp\/v2\/types\/page"}],"author":[{"embeddable":true,"href":"https:\/\/www.jmviajes.com.py\/index.php?rest_route=\/wp\/v2\/users\/1"}],"replies":[{"embeddable":true,"href":"https:\/\/www.jmviajes.com.py\/index.php?rest_route=%2Fwp%2Fv2%2Fcomments&post=409"}],"version-history":[{"count":1,"href":"https:\/\/www.jmviajes.com.py\/index.php?rest_route=\/wp\/v2\/pages\/409\/revisions"}],"predecessor-version":[{"id":410,"href":"https:\/\/www.jmviajes.com.py\/index.php?rest_route=\/wp\/v2\/pages\/409\/revisions\/410"}],"wp:attachment":[{"href":"https:\/\/www.jmviajes.com.py\/index.php?rest_route=%2Fwp%2Fv2%2Fmedia&parent=409"}],"curies":[{"name":"wp","href":"https:\/\/api.w.org\/{rel}","templated":true}]}}