{"id":407,"date":"2013-09-25T18:25:29","date_gmt":"2013-09-25T18:25:29","guid":{"rendered":"http:\/\/www.jmviajes.com.py\/?page_id=407"},"modified":"2013-09-25T18:34:41","modified_gmt":"2013-09-25T18:34:41","slug":"servicios-nacionales","status":"publish","type":"page","link":"https:\/\/www.jmviajes.com.py\/?page_id=407","title":{"rendered":"SERVICIOS NACIONALES"},"content":{"rendered":"<p>CONTAMOS Y MANEJAMOS AUTOMOTORES DE EXCELENTE CALIDAD Y CONFORT, (AUTOS, VANS, MINIBUSES, OMNIBUS). \u00a0PARA QUE EL DESPLAZAMIENTO A CUALQUIER DESTINO NACIONAL SEA M\u00c1S PLACENTERO, AS\u00cd TAMBI\u00c9N PARA \u00a0TRASLADOS GRUPALES E INDIVIDUALES,CITY TOUR, CIRCUITO DE ORO, TOUR DEL LAGO, ACTIVIDADES ESCOLARES, SERVICIOS MEDIDA DEL CLIENTE, ETC.<\/p>\n<p><img loading=\"lazy\" decoding=\"async\" class=\"aligncenter size-full wp-image-377\" alt=\"crop\" src=\"http:\/\/www.jmviajes.com.py\/wp-content\/uploads\/2012\/04\/crop.png\" width=\"940\" height=\"50\" srcset=\"https:\/\/www.jmviajes.com.py\/wp-content\/uploads\/2012\/04\/crop.png 940w, https:\/\/www.jmviajes.com.py\/wp-content\/uploads\/2012\/04\/crop-300x15.png 300w, https:\/\/www.jmviajes.com.py\/wp-content\/uploads\/2012\/04\/crop-680x36.png 680w\" sizes=\"(max-width: 940px) 100vw, 940px\" \/><\/p>\n","protected":false},"excerpt":{"rendered":"<p>CONTAMOS Y MANEJAMOS AUTOMOTORES DE EXCELENTE CALIDAD Y CONFORT, (AUTOS, VANS, MINIBUSES, OMNIBUS). \u00a0PARA QUE EL DESPLAZAMIENTO A CUALQUIER DESTINO NACIONAL SEA M\u00c1S PLACENTERO, AS\u00cd TAMBI\u00c9N PARA \u00a0TRASLADOS GRUPALES E INDIVIDUALES,CITY TOUR, CIRCUITO DE ORO, TOUR DEL LAGO, ACTIVIDADES ESCOLARES,&hellip;<\/p>\n","protected":false},"author":1,"featured_media":0,"parent":0,"menu_order":0,"comment_status":"open","ping_status":"open","template":"","meta":{"footnotes":""},"class_list":["post-407","page","type-page","status-publish","hentry"],"_links":{"self":[{"href":"https:\/\/www.jmviajes.com.py\/index.php?rest_route=\/wp\/v2\/pages\/407"}],"collection":[{"href":"https:\/\/www.jmviajes.com.py\/index.php?rest_route=\/wp\/v2\/pages"}],"about":[{"href":"https:\/\/www.jmviajes.com.py\/index.php?rest_route=\/wp\/v2\/types\/page"}],"author":[{"embeddable":true,"href":"https:\/\/www.jmviajes.com.py\/index.php?rest_route=\/wp\/v2\/users\/1"}],"replies":[{"embeddable":true,"href":"https:\/\/www.jmviajes.com.py\/index.php?rest_route=%2Fwp%2Fv2%2Fcomments&post=407"}],"version-history":[{"count":2,"href":"https:\/\/www.jmviajes.com.py\/index.php?rest_route=\/wp\/v2\/pages\/407\/revisions"}],"predecessor-version":[{"id":412,"href":"https:\/\/www.jmviajes.com.py\/index.php?rest_route=\/wp\/v2\/pages\/407\/revisions\/412"}],"wp:attachment":[{"href":"https:\/\/www.jmviajes.com.py\/index.php?rest_route=%2Fwp%2Fv2%2Fmedia&parent=407"}],"curies":[{"name":"wp","href":"https:\/\/api.w.org\/{rel}","templated":true}]}}