{"id":37,"date":"2012-04-02T23:03:24","date_gmt":"2012-04-02T21:03:24","guid":{"rendered":"http:\/\/demo.samuli.me\/wp\/smartstart\/?page_id=37"},"modified":"2013-09-25T18:50:26","modified_gmt":"2013-09-25T18:50:26","slug":"about-us","status":"publish","type":"page","link":"https:\/\/www.jmviajes.com.py\/?page_id=37","title":{"rendered":"La Empresa"},"content":{"rendered":"<p><img loading=\"lazy\" decoding=\"async\" class=\"aligncenter size-full wp-image-377\" alt=\"crop\" src=\"http:\/\/www.jmviajes.com.py\/wp-content\/uploads\/2012\/04\/crop.png\" width=\"940\" height=\"50\" srcset=\"https:\/\/www.jmviajes.com.py\/wp-content\/uploads\/2012\/04\/crop.png 940w, https:\/\/www.jmviajes.com.py\/wp-content\/uploads\/2012\/04\/crop-300x15.png 300w, https:\/\/www.jmviajes.com.py\/wp-content\/uploads\/2012\/04\/crop-680x36.png 680w\" sizes=\"(max-width: 940px) 100vw, 940px\" \/><\/p>\n<div class=\"one-third\">\n<h4>Quienes Somos<\/h4>\n<p>SOMOS UNA EMPRESA PRESTIGIOSA CON SEDE EN ASUNCI\u00d3N Y CON M\u00c1S DE 10 A\u00d1OS DE TRAYECTORIA EN EL MERCADO, SUMADA A UNA RENOVADA FLOTA DE VEH\u00cdCULOS QUE SUPERA LOS EST\u00c1NDARES M\u00cdNIMOS DE CONFORT Y SEGURIDAD, SUMADO AL PROFESIONALISMO DE SUS CONDUCTORES, BRINDANDO SIEMPRE AL CLIENTE LA MEJOR ATENCI\u00d3N Y CALIDAD EN NUESTROS SERVICIOS.<\/p>\n<\/div>\n<div class=\"one-third\">\n<h4>Nuestro Compromiso<\/h4>\n<p>JM VIAJES PROVEE UNIDADES DE TRANSPORTE A AGENCIAS DE VIAJES, COLEGIOS, EMPRESAS, INSTITUCIONES Y P\u00daBLICO EN GENERAL PARA ATENDER SUS REQUERIMIENTOS DE TURISMO Y TRASLADOS CON DINAMISMO, PUNTUALIDAD, SERVICIO PERSONALIZADO DE CONDUCTORES PROFESIONALES Y CON EXPERIENCIA, CONSTANTEMENTE CAPACITADOS, LLEGANDO A SER UNA EMPRESA L\u00cdDER Y DE CONFIANZA EN EL RUBRO DEL TRANSPORTE TUR\u00cdSTICO.<\/p>\n<p><span style=\"line-height: 1.7;\"><\/div><\/span><\/p>\n<div class=\"one-third last\">\n<h4>Nuestra Flota<\/h4>\n<p>LA INNOVACI\u00d3N \u00a0ES CLAVE EN NUESTRO TRABAJO, YA QUE HEMOS CONSEGUIDO LA TRASCENDENCIA Y SEGURIDAD QUE LOS CLIENTES NECESITAN POR LO QUE CONTAMOS CON UNIDADES MODERNAS, CONDUCTORES CON EXPERIENCIA Y UN STAFF DE PROFESIONALES DE QUE SE OCUPAN DE NUESTROS SERVICIOS EN LAS DIFERENTES \u00c1REAS DEL TRANSPORTE TUR\u00cdSTICO.<\/p>\n<\/div><div class=\"clear\"><\/div>\n<p>&nbsp;<\/p>\n<p>JM VIAJES HA EXPERIMENTADO UN CRECIMIENTO CONSTANTE, GRACIAS AL RESPALDO Y CONFIANZA QUE NOS HAN BRINDADO NUESTROS CLIENTES, TAMBI\u00c9N A LA EXPERIENCIA DE LOS PROFESIONALES, QUIENES TIENEN M\u00c1S DE 10 A\u00d1OS EN EL RUBRO TUR\u00cdSTICO, LOGRANDO Y OTORGANDO UN SERVICIO DE PRIMERA CATEGOR\u00cdA, SIN PERDER LA ATENCI\u00d3N PERSONALIZADA Y PROFESIONAL EN CADA UNO DE NUESTROS SERVICIOS.<\/p>\n<p><img loading=\"lazy\" decoding=\"async\" class=\"aligncenter size-full wp-image-377\" alt=\"crop\" src=\"http:\/\/www.jmviajes.com.py\/wp-content\/uploads\/2012\/04\/crop.png\" width=\"940\" height=\"50\" srcset=\"https:\/\/www.jmviajes.com.py\/wp-content\/uploads\/2012\/04\/crop.png 940w, https:\/\/www.jmviajes.com.py\/wp-content\/uploads\/2012\/04\/crop-300x15.png 300w, https:\/\/www.jmviajes.com.py\/wp-content\/uploads\/2012\/04\/crop-680x36.png 680w\" sizes=\"(max-width: 940px) 100vw, 940px\" \/><\/p>\n","protected":false},"excerpt":{"rendered":"<p>&nbsp; JM VIAJES HA EXPERIMENTADO UN CRECIMIENTO CONSTANTE, GRACIAS AL RESPALDO Y CONFIANZA QUE NOS HAN BRINDADO NUESTROS CLIENTES, TAMBI\u00c9N A LA EXPERIENCIA DE LOS PROFESIONALES, QUIENES TIENEN M\u00c1S DE 10 A\u00d1OS EN EL RUBRO TUR\u00cdSTICO, LOGRANDO Y OTORGANDO UN&hellip;<\/p>\n","protected":false},"author":1,"featured_media":0,"parent":0,"menu_order":0,"comment_status":"open","ping_status":"closed","template":"","meta":{"footnotes":""},"class_list":["post-37","page","type-page","status-publish","hentry"],"_links":{"self":[{"href":"https:\/\/www.jmviajes.com.py\/index.php?rest_route=\/wp\/v2\/pages\/37"}],"collection":[{"href":"https:\/\/www.jmviajes.com.py\/index.php?rest_route=\/wp\/v2\/pages"}],"about":[{"href":"https:\/\/www.jmviajes.com.py\/index.php?rest_route=\/wp\/v2\/types\/page"}],"author":[{"embeddable":true,"href":"https:\/\/www.jmviajes.com.py\/index.php?rest_route=\/wp\/v2\/users\/1"}],"replies":[{"embeddable":true,"href":"https:\/\/www.jmviajes.com.py\/index.php?rest_route=%2Fwp%2Fv2%2Fcomments&post=37"}],"version-history":[{"count":9,"href":"https:\/\/www.jmviajes.com.py\/index.php?rest_route=\/wp\/v2\/pages\/37\/revisions"}],"predecessor-version":[{"id":418,"href":"https:\/\/www.jmviajes.com.py\/index.php?rest_route=\/wp\/v2\/pages\/37\/revisions\/418"}],"wp:attachment":[{"href":"https:\/\/www.jmviajes.com.py\/index.php?rest_route=%2Fwp%2Fv2%2Fmedia&parent=37"}],"curies":[{"name":"wp","href":"https:\/\/api.w.org\/{rel}","templated":true}]}}